{"id":1322,"date":"2025-07-06T18:44:35","date_gmt":"2025-07-06T18:44:35","guid":{"rendered":"https:\/\/redandino.org\/home\/"},"modified":"2025-07-16T22:50:28","modified_gmt":"2025-07-16T22:50:28","slug":"inicio","status":"publish","type":"page","link":"https:\/\/redandino.org\/","title":{"rendered":"Inicio"},"content":{"rendered":"\n<div class=\"wp-block-uagb-container uagb-block-494c42c4 alignfull uagb-is-root-container\"><div class=\"uagb-container-inner-blocks-wrap\">\n<div class=\"wp-block-uagb-info-box uagb-block-cd2517a4 uagb-infobox__content-wrap  uagb-infobox-icon-above-title uagb-infobox-image-valign-top wp-block-uagb-info-box--has-margin\"><div class=\"uagb-infobox-margin-wrapper\"><div class=\"uagb-ifb-content\"><div class=\"uagb-ifb-title-wrap\"><h1 class=\"uagb-ifb-title-prefix\"><br><\/h1><h1 class=\"uagb-ifb-title\">Tejiendo la Regeneraci\u00f3n Global<\/h1><\/div><p class=\"uagb-ifb-desc\">El epicentro digital para conectar, aprender y co-crear soluciones regenerativas a nivel Iberoamericano. <br>Impulsamos una cultura de colaboraci\u00f3n y abundancia<\/p><div class=\"uagb-ifb-button-wrapper wp-block-button\"><a href=\"#\" class=\"uagb-infobox-cta-link wp-block-button__link\" target=\"_self\" rel=\"noopener noreferrer\" onclick=\"return false;\"><span class=\"uagb-inline-editing\">Explora Nuestros Nodos<\/span><\/a><\/div><\/div><\/div><\/div>\n<\/div><\/div>\n\n\n\n<div class=\"wp-block-uagb-separator uagb-block-d55cd26b\"><div class=\"uagb-separator-spacing-wrapper\"><div class=\"wp-block-uagb-separator__inner\" style=\"--my-background-image:\"><\/div><\/div><\/div>\n\n\n\n<div class=\"wp-block-uagb-container uagb-layout-flex uagb-block-f50cb31d alignfull uagb-is-root-container\"><div class=\"uagb-container-inner-blocks-wrap\">\n<div class=\"wp-block-uagb-container uagb-block-afda73a3\">\n<div class=\"wp-block-uagb-separator uagb-block-3f73db41\"><div class=\"wp-block-uagb-separator__inner\" style=\"--my-background-image:\"><\/div><\/div>\n<\/div>\n\n\n\n<div class=\"wp-block-group is-vertical is-content-justification-right is-nowrap is-layout-flex wp-container-core-group-is-layout-0e14f67b wp-block-group-is-layout-flex\">\n<div class=\"wp-block-group is-nowrap is-layout-flex wp-container-core-group-is-layout-6c531013 wp-block-group-is-layout-flex\">\n<div class=\"wp-block-uagb-advanced-heading uagb-block-ebb9defe\"><h2 class=\"uagb-heading-text\">Ser una red pionera y referente internacional en dise\u00f1o regenerativo.<\/h2><p class=\"uagb-desc-text\">Si aplicamos las \u00e9ticas y principios de la Permacultura, podemos construir sociedades prosperas y abundantes en consonancia con los limites naturales.<\/p><\/div>\n\n\n\n<div class=\"wp-block-uagb-container uagb-block-28e5d05a\">\n<div class=\"wp-block-columns is-layout-flex wp-container-core-columns-is-layout-28f84493 wp-block-columns-is-layout-flex\">\n<div class=\"wp-block-column is-layout-flow wp-block-column-is-layout-flow\" style=\"flex-basis:50%\">\n<header class=\"wp-block-uagb-advanced-heading uagb-block-0f521e5c\"><h2 class=\"uagb-heading-text\">Sobre nosotros<\/h2><p class=\"uagb-desc-text\">Somos un tejido vibrante de personas conectadas por un prop\u00f3sito com\u00fan: \u201cla regeneraci\u00f3n de nuestros territorios y comunidades\u00bb<\/p><\/header>\n\n\n\n<div class=\"wp-block-uagb-advanced-heading uagb-block-39e2782e\"><h2 class=\"uagb-heading-text\">L\u00edneas de acci\u00f3n<\/h2><p class=\"uagb-desc-text\">Permacultura Integral, Bioarquitectura, Dise\u00f1o Comunitario, Academia Educativa, Turismo Regenerativo, Econom\u00edas Circulares, Producci\u00f3n Org\u00e1nica,  Dise\u00f1o Hidrol\u00f3gico, Consultor\u00eda.<\/p><\/div>\n<\/div>\n\n\n\n<div class=\"wp-block-column is-layout-flow wp-block-column-is-layout-flow\" style=\"flex-basis:50%\">\n<div class=\"wp-block-uagb-advanced-heading uagb-block-5d153183\"><h2 class=\"uagb-heading-text\">\u00danete<\/h2><p class=\"uagb-desc-text\">Invitamos a todos los so\u00f1adores, hacedores y guardianes de la Tierra a unirse a esta red, \u00a1Estamos sembrando las semillas de un futuro regenerativo!<\/p><\/div>\n\n\n\n<div class=\"wp-block-uagb-advanced-heading uagb-block-f605e2e9\"><h2 class=\"uagb-heading-text\">Apoya nuestra misi\u00f3n<\/h2><p class=\"uagb-desc-text\">Deseamos crear prosperidad social sin poner en riesgo los ecosistemas naturales, por eso nos proponemos Dise\u00f1ar e implementar soluciones regenerativas basadas en permacultura, bioarquitectura y desarrollo comunitario. \u00a1Dona hoy para colaborar en proyectos regenerativos!<\/p><\/div>\n<\/div>\n<\/div>\n\n\n\n<div class=\"wp-block-uagb-container uagb-block-6ffc8201\"><\/div>\n<\/div>\n<\/div>\n<\/div>\n<\/div><\/div>\n\n\n\n<div class=\"wp-block-uagb-container uagb-block-73402dcb alignfull uagb-is-root-container\"><div class=\"uagb-container-inner-blocks-wrap\">\n<div class=\"wp-block-uagb-container uagb-block-e6e69ca7\">\n<div class=\"wp-block-uagb-image uagb-block-4834b273 wp-block-uagb-image--layout-default wp-block-uagb-image--effect-static wp-block-uagb-image--align-none\"><figure class=\"wp-block-uagb-image__figure\"><img decoding=\"async\" data-srcset=\"https:\/\/redandino.org\/wp-content\/uploads\/2025\/07\/IMG-20250502-WA0007-1024x461.jpg ,https:\/\/redandino.org\/wp-content\/uploads\/2025\/07\/IMG-20250502-WA0007.jpg 780w, https:\/\/redandino.org\/wp-content\/uploads\/2025\/07\/IMG-20250502-WA0007.jpg 360w\" data-sizes=\"auto, (max-width: 480px) 150px\" data-src=\"https:\/\/redandino.org\/wp-content\/uploads\/2025\/07\/IMG-20250502-WA0007-1024x461.jpg\" alt=\"img 20250502 wa0007\" class=\"uag-image-3102 lazyload\" width=\"1599\" height=\"720\" title=\"img 20250502 wa0007\" role=\"img\" src=\"data:image\/svg+xml;base64,PHN2ZyB3aWR0aD0iMSIgaGVpZ2h0PSIxIiB4bWxucz0iaHR0cDovL3d3dy53My5vcmcvMjAwMC9zdmciPjwvc3ZnPg==\" style=\"--smush-placeholder-width: 1599px; --smush-placeholder-aspect-ratio: 1599\/720;\" \/><\/figure><\/div>\n<\/div>\n\n\n\n<div class=\"wp-block-uagb-container uagb-block-bb8a8c94\">\n<div class=\"wp-block-uagb-advanced-heading uagb-block-a0236182\"><h2 class=\"uagb-heading-text\">\u2026 Un  proyecto  Ambicioso . . .  Permacultura en el desierto<\/h2><p class=\"uagb-desc-text\">En la provincia de Piura, Per\u00fa,  trabajamos para demostrar que es posible obtener alimentos con sistemas permaculturales de agricultura org\u00e1nica, en un clima muy adverso. <\/p><\/div>\n<\/div>\n\n\n\n<div class=\"wp-block-uagb-container uagb-block-45103dda\">\n<div class=\"wp-block-uagb-advanced-heading uagb-block-d11c3432\"><h2 class=\"uagb-heading-text\">Un Sue\u00f1o Amaz\u00f3nico<\/h2><p class=\"uagb-desc-text\">En el departamento del Caquet\u00e1, en Colombia, buscamos devolver la Selva a los territorios deforestados, implementando sistemas de alta densidad con producci\u00f3n de alimentos y sistemas silvopastoriles<\/p><\/div>\n<\/div>\n\n\n\n<div class=\"wp-block-uagb-container uagb-block-68d581ca\">\n<div class=\"wp-block-uagb-image uagb-block-0b33ef75 wp-block-uagb-image--layout-default wp-block-uagb-image--effect-static wp-block-uagb-image--align-none\"><figure class=\"wp-block-uagb-image__figure\"><img decoding=\"async\" data-srcset=\"https:\/\/redandino.org\/wp-content\/uploads\/2025\/07\/IMG_20231120_084814-1024x461.jpg ,https:\/\/redandino.org\/wp-content\/uploads\/2025\/07\/IMG_20231120_084814-scaled.jpg 780w, https:\/\/redandino.org\/wp-content\/uploads\/2025\/07\/IMG_20231120_084814-scaled.jpg 360w\" data-sizes=\"auto, (max-width: 480px) 150px\" data-src=\"https:\/\/redandino.org\/wp-content\/uploads\/2025\/07\/IMG_20231120_084814-1024x461.jpg\" alt=\"img 20231120 084814\" class=\"uag-image-3100 lazyload\" width=\"1024\" height=\"461\" title=\"img 20231120 084814\" role=\"img\" src=\"data:image\/svg+xml;base64,PHN2ZyB3aWR0aD0iMSIgaGVpZ2h0PSIxIiB4bWxucz0iaHR0cDovL3d3dy53My5vcmcvMjAwMC9zdmciPjwvc3ZnPg==\" style=\"--smush-placeholder-width: 1024px; --smush-placeholder-aspect-ratio: 1024\/461;\" \/><\/figure><\/div>\n<\/div>\n\n\n\n<div class=\"wp-block-uagb-separator uagb-block-1936f0fe\"><div class=\"wp-block-uagb-separator__inner\" style=\"--my-background-image:\"><\/div><\/div>\n<\/div><\/div>\n\n\n\n<div class=\"wp-block-uagb-container uagb-block-9c017a8e alignfull uagb-is-root-container\"><div class=\"uagb-container-inner-blocks-wrap\">\n<div class=\"wp-block-uagb-container uagb-block-8e08a87f\">\n<div class=\"wp-block-uagb-image uagb-block-9c8c456d wp-block-uagb-image--layout-default wp-block-uagb-image--effect-static wp-block-uagb-image--align-none\"><figure class=\"wp-block-uagb-image__figure\"><img decoding=\"async\" data-srcset=\"https:\/\/redandino.org\/wp-content\/uploads\/2025\/07\/IMG_20240218_130223-1024x461.jpg ,https:\/\/redandino.org\/wp-content\/uploads\/2025\/07\/IMG_20240218_130223-scaled.jpg 780w, https:\/\/redandino.org\/wp-content\/uploads\/2025\/07\/IMG_20240218_130223-scaled.jpg 360w\" data-sizes=\"auto, (max-width: 480px) 150px\" data-src=\"https:\/\/redandino.org\/wp-content\/uploads\/2025\/07\/IMG_20240218_130223-1024x461.jpg\" alt=\"img 20240218 130223\" class=\"uag-image-3101 lazyload\" width=\"4080\" height=\"1836\" title=\"img 20240218 130223\" role=\"img\" src=\"data:image\/svg+xml;base64,PHN2ZyB3aWR0aD0iMSIgaGVpZ2h0PSIxIiB4bWxucz0iaHR0cDovL3d3dy53My5vcmcvMjAwMC9zdmciPjwvc3ZnPg==\" style=\"--smush-placeholder-width: 4080px; --smush-placeholder-aspect-ratio: 4080\/1836;\" \/><\/figure><\/div>\n<\/div>\n\n\n\n<div class=\"wp-block-uagb-container uagb-block-3086cd21\">\n<div class=\"wp-block-uagb-advanced-heading uagb-block-bd84e3d2\"><h2 class=\"uagb-heading-text\">un faro de resiliencia, abundancia y econom\u00eda regenerativa<\/h2><p class=\"uagb-desc-text\">Centro de Regeneraci\u00f3n Integral en San Luis, Argentina. un modelo disruptivo con propuestas para la transici\u00f3n<\/p><\/div>\n<\/div>\n<\/div><\/div>\n\n\n\n<div class=\"wp-block-uagb-separator uagb-block-8deedb7a wp-block-uagb-separator--icon\"><div class=\"wp-block-uagb-separator__inner\" style=\"--my-background-image:\"><div class=\"wp-block-uagb-separator-element\"><\/div><\/div><\/div>\n\n\n\n<div class=\"wp-block-uagb-container uagb-block-39aafda5 alignfull uagb-is-root-container\"><div class=\"uagb-container-inner-blocks-wrap\">\n<div class=\"wp-block-uagb-container uagb-block-872f2c0f\">\t\t<div\n            id=\"wpmapblock_52d38f15\"\n            data-settings='{&quot;map_marker&quot;:[{&quot;id&quot;:&quot;0&quot;,&quot;lat&quot;:&quot;-32.592753&quot;,&quot;lng&quot;:&quot;-66.095031&quot;,&quot;title&quot;:&quot;El Olivar&quot;,&quot;content&quot;:&quot;Permacultura&quot;,&quot;iconType&quot;:&quot;default&quot;,&quot;customIconUrl&quot;:&quot;&quot;,&quot;customIconWidth&quot;:&quot;25&quot;,&quot;customIconHeight&quot;:&quot;40&quot;},{&quot;id&quot;:&quot;1&quot;,&quot;lat&quot;:&quot;-32.590186&quot;,&quot;lng&quot;:&quot;-66.100921&quot;,&quot;title&quot;:&quot;Pecar\\u00ed&quot;,&quot;content&quot;:&quot;Permacultura&quot;,&quot;iconType&quot;:&quot;default&quot;,&quot;customIconUrl&quot;:&quot;&quot;,&quot;customIconWidth&quot;:&quot;25&quot;,&quot;customIconHeight&quot;:&quot;40&quot;},{&quot;id&quot;:&quot;2&quot;,&quot;lat&quot;:&quot;1.838222&quot;,&quot;lng&quot;:&quot;-75.213500&quot;,&quot;title&quot;:&quot;Cultura del Monte&quot;,&quot;content&quot;:&quot;Permacultura&quot;,&quot;iconType&quot;:&quot;default&quot;,&quot;customIconUrl&quot;:&quot;&quot;,&quot;customIconWidth&quot;:&quot;25&quot;,&quot;customIconHeight&quot;:&quot;40&quot;},{&quot;id&quot;:&quot;3&quot;,&quot;lat&quot;:&quot;-5.415780&quot;,&quot;lng&quot;:&quot;-79.66958&quot;,&quot;title&quot;:&quot;Bella Verde&quot;,&quot;content&quot;:&quot;Permacultura&quot;,&quot;iconType&quot;:&quot;default&quot;,&quot;customIconUrl&quot;:&quot;&quot;,&quot;customIconWidth&quot;:&quot;25&quot;,&quot;customIconHeight&quot;:&quot;40&quot;},{&quot;id&quot;:&quot;4&quot;,&quot;lat&quot;:&quot;-5.070017&quot;,&quot;lng&quot;:&quot;-80.638713&quot;,&quot;title&quot;:&quot;Fundo Permacultura&quot;,&quot;content&quot;:&quot;Permacultura&quot;,&quot;iconType&quot;:&quot;default&quot;,&quot;customIconUrl&quot;:&quot;&quot;,&quot;customIconWidth&quot;:&quot;25&quot;,&quot;customIconHeight&quot;:&quot;40&quot;},{&quot;id&quot;:&quot;5&quot;,&quot;lat&quot;:&quot;3.445798&quot;,&quot;lng&quot;:&quot;-76.537786&quot;,&quot;title&quot;:&quot;Obeja Negra, Hub Cali&quot;,&quot;content&quot;:&quot;Centro cultural, Permacultura urbana&quot;,&quot;iconType&quot;:&quot;default&quot;,&quot;customIconUrl&quot;:&quot;&quot;,&quot;customIconWidth&quot;:&quot;25&quot;,&quot;customIconHeight&quot;:&quot;40&quot;}],&quot;map_zoom&quot;:&quot;3&quot;,&quot;scroll_wheel_zoom&quot;:false,&quot;map_type&quot;:&quot;GM&quot;,&quot;center_index&quot;:0}'\n            class=\"wpmapblockrender\"\n            style=\"\n\t\t\twidth: 100%;\n\t\t\theight: 500px;\n\t\t\"\n            >\n        <\/div>\n        <\/div>\n\n\n\n<div class=\"wp-block-uagb-container uagb-block-efdc043f\">\n<div class=\"wp-block-uagb-image uagb-block-b917d13b wp-block-uagb-image--layout-default wp-block-uagb-image--effect-static wp-block-uagb-image--align-none\"><figure class=\"wp-block-uagb-image__figure\"><img decoding=\"async\" data-srcset=\"https:\/\/redandino.org\/wp-content\/uploads\/2025\/07\/ANDINO-VERDE.png ,https:\/\/redandino.org\/wp-content\/uploads\/2025\/07\/ANDINO-VERDE.png 780w, https:\/\/redandino.org\/wp-content\/uploads\/2025\/07\/ANDINO-VERDE.png 360w\" data-sizes=\"auto, (max-width: 480px) 150px\" data-src=\"https:\/\/redandino.org\/wp-content\/uploads\/2025\/07\/ANDINO-VERDE.png\" alt=\"andino verde\" class=\"uag-image-2853 lazyload\" width=\"501\" height=\"501\" title=\"andino verde\" role=\"img\" src=\"data:image\/svg+xml;base64,PHN2ZyB3aWR0aD0iMSIgaGVpZ2h0PSIxIiB4bWxucz0iaHR0cDovL3d3dy53My5vcmcvMjAwMC9zdmciPjwvc3ZnPg==\" style=\"--smush-placeholder-width: 501px; --smush-placeholder-aspect-ratio: 501\/501;\" \/><\/figure><\/div>\n<\/div>\n<\/div><\/div>\n\n\n\n<div class=\"wp-block-uagb-container uagb-block-5fcee4f8 alignfull uagb-is-root-container\"><div class=\"uagb-container-inner-blocks-wrap\">\n<div class=\"wp-block-uagb-advanced-heading uagb-block-2b5f3149\"><h2 class=\"uagb-heading-text\">Sobre nuestra Red<\/h2><div class=\"uagb-separator\"><\/div><\/div>\n\n\n\n<div class=\"wp-block-uagb-container uagb-block-4a8e1942\">\n<div class=\"wp-block-uagb-container uagb-block-c988f562\">\n<div class=\"wp-block-uagb-image alignleft uagb-block-a35d235b wp-block-uagb-image--layout-default wp-block-uagb-image--effect-static wp-block-uagb-image--align-left\"><figure class=\"wp-block-uagb-image__figure\"><img decoding=\"async\" data-srcset=\"https:\/\/redandino.org\/wp-content\/uploads\/2021\/11\/service-1.jpg ,https:\/\/redandino.org\/wp-content\/uploads\/2021\/11\/service-1.jpg 780w, https:\/\/redandino.org\/wp-content\/uploads\/2021\/11\/service-1.jpg 360w\" data-sizes=\"auto, (max-width: 480px) 150px\" data-src=\"https:\/\/redandino.org\/wp-content\/uploads\/2021\/11\/service-1.jpg\" alt=\"Service 1\" class=\"uag-image-109 lazyload\" width=\"373\" height=\"464\" title=\"service-1\" role=\"img\" src=\"data:image\/svg+xml;base64,PHN2ZyB3aWR0aD0iMSIgaGVpZ2h0PSIxIiB4bWxucz0iaHR0cDovL3d3dy53My5vcmcvMjAwMC9zdmciPjwvc3ZnPg==\" style=\"--smush-placeholder-width: 373px; --smush-placeholder-aspect-ratio: 373\/464;\"><\/figure><\/div>\n\n\n\n<div class=\"wp-block-uagb-advanced-heading uagb-block-b07219d5\"><h3 class=\"uagb-heading-text\">Convivencia de aprendices \u00a1Ap\u00fantate al pr\u00f3ximo!<\/h3><p class=\"uagb-desc-text\">Hemos podido disfrutar de 15 dias maravillosos en Bella Verde, Piura. (Per\u00fa). <\/p><\/div>\n<\/div>\n\n\n\n<div class=\"wp-block-uagb-container uagb-block-0ad6ff4e\">\n<div class=\"wp-block-uagb-image alignleft uagb-block-930d8e85 wp-block-uagb-image--layout-default wp-block-uagb-image--effect-static wp-block-uagb-image--align-left\"><figure class=\"wp-block-uagb-image__figure\"><img decoding=\"async\" data-srcset=\"https:\/\/redandino.org\/wp-content\/uploads\/2021\/11\/service-2.jpg ,https:\/\/redandino.org\/wp-content\/uploads\/2021\/11\/service-2.jpg 780w, https:\/\/redandino.org\/wp-content\/uploads\/2021\/11\/service-2.jpg 360w\" data-sizes=\"auto, (max-width: 480px) 150px\" data-src=\"https:\/\/redandino.org\/wp-content\/uploads\/2021\/11\/service-2.jpg\" alt=\"Service 2\" class=\"uag-image-110 lazyload\" width=\"366\" height=\"464\" title=\"service-2\" role=\"img\" src=\"data:image\/svg+xml;base64,PHN2ZyB3aWR0aD0iMSIgaGVpZ2h0PSIxIiB4bWxucz0iaHR0cDovL3d3dy53My5vcmcvMjAwMC9zdmciPjwvc3ZnPg==\" style=\"--smush-placeholder-width: 366px; --smush-placeholder-aspect-ratio: 366\/464;\"><\/figure><\/div>\n\n\n\n<div class=\"wp-block-uagb-advanced-heading uagb-block-3974de5a\"><h3 class=\"uagb-heading-text\">Nuestra impacto urbano<\/h3><p class=\"uagb-desc-text\">Participa en los conversatorios de Nuestros Hub de Cali, Colombia y Buenos Aires, Argentina<\/p><\/div>\n<\/div>\n\n\n\n<div class=\"wp-block-uagb-container uagb-block-48a31e6a\">\n<div class=\"wp-block-uagb-image alignleft uagb-block-2675d6b0 wp-block-uagb-image--layout-default wp-block-uagb-image--effect-static wp-block-uagb-image--align-left\"><figure class=\"wp-block-uagb-image__figure\"><img decoding=\"async\" data-srcset=\"https:\/\/redandino.org\/wp-content\/uploads\/2021\/11\/service-3.jpg ,https:\/\/redandino.org\/wp-content\/uploads\/2021\/11\/service-3.jpg 780w, https:\/\/redandino.org\/wp-content\/uploads\/2021\/11\/service-3.jpg 360w\" data-sizes=\"auto, (max-width: 480px) 150px\" data-src=\"https:\/\/redandino.org\/wp-content\/uploads\/2021\/11\/service-3.jpg\" alt=\"Service 3\" class=\"uag-image-108 lazyload\" width=\"366\" height=\"464\" title=\"service-3\" role=\"img\" src=\"data:image\/svg+xml;base64,PHN2ZyB3aWR0aD0iMSIgaGVpZ2h0PSIxIiB4bWxucz0iaHR0cDovL3d3dy53My5vcmcvMjAwMC9zdmciPjwvc3ZnPg==\" style=\"--smush-placeholder-width: 366px; --smush-placeholder-aspect-ratio: 366\/464;\"><\/figure><\/div>\n\n\n\n<div class=\"wp-block-uagb-advanced-heading uagb-block-8f982c10\"><h3 class=\"uagb-heading-text\">Asesor\u00eda en Permacultura<\/h3><p class=\"uagb-desc-text\">Permacultura, Bioarquitectura, Dise\u00f1o Comunitario, Educaci\u00f3n, Turismo Regenerativo, Econom\u00edas Circulares, Producci\u00f3n Org\u00e1nica, Consultor\u00eda.<\/p><\/div>\n<\/div>\n<\/div>\n<\/div><\/div>\n\n\n\n<div class=\"wp-block-uagb-container uagb-block-05a4a518 alignfull uagb-is-root-container\"><div class=\"uagb-container-inner-blocks-wrap\">\n<div class=\"wp-block-uagb-info-box uagb-block-9a97965e uagb-infobox__content-wrap  uagb-infobox-icon-above-title uagb-infobox-image-valign-top wp-block-uagb-info-box--has-margin\"><div class=\"uagb-infobox-margin-wrapper\"><div class=\"uagb-ifb-content\"><div class=\"uagb-ifb-title-wrap\"><h1 class=\"uagb-ifb-title\">QUESTIONS?<\/h1><\/div><p class=\"uagb-ifb-desc\">Whether you\u2019re curious about features, a free trial, or even press, we\u2019re here to answer any questions.<\/p><div class=\"uagb-ifb-button-wrapper wp-block-button\"><a href=\"#\" class=\"uagb-infobox-cta-link wp-block-button__link\" target=\"_self\" rel=\"noopener noreferrer\" onclick=\"return false;\"><span class=\"uagb-inline-editing\">Let&#8217;s Talk Now<\/span><\/a><\/div><\/div><\/div><\/div>\n<\/div><\/div>\n\n\n\n<p><\/p>\n","protected":false},"excerpt":{"rendered":"<p>Ser una red pionera y referente internacional en dise\u00f1o regenerativo. Si aplicamos las \u00e9ticas y principios de la Permacultura, podemos construir sociedades prosperas y abundantes en consonancia con los limites naturales. Sobre nosotros Somos un tejido vibrante de personas conectadas por un prop\u00f3sito com\u00fan: \u201cla regeneraci\u00f3n de nuestros territorios y comunidades\u00bb L\u00edneas de acci\u00f3n Permacultura [&hellip;]<\/p>\n","protected":false},"author":1,"featured_media":0,"parent":0,"menu_order":0,"comment_status":"closed","ping_status":"closed","template":"","meta":{"_surecart_dashboard_logo_width":"180px","_surecart_dashboard_show_logo":true,"_surecart_dashboard_navigation_orders":true,"_surecart_dashboard_navigation_invoices":true,"_surecart_dashboard_navigation_subscriptions":true,"_surecart_dashboard_navigation_downloads":true,"_surecart_dashboard_navigation_billing":true,"_surecart_dashboard_navigation_account":true,"_uag_custom_page_level_css":"","site-sidebar-layout":"no-sidebar","site-content-layout":"page-builder","ast-site-content-layout":"normal-width-container","site-content-style":"unboxed","site-sidebar-style":"unboxed","ast-global-header-display":"","ast-banner-title-visibility":"disabled","ast-main-header-display":"","ast-hfb-above-header-display":"","ast-hfb-below-header-display":"","ast-hfb-mobile-header-display":"","site-post-title":"disabled","ast-breadcrumbs-content":"","ast-featured-img":"disabled","footer-sml-layout":"","ast-disable-related-posts":"","theme-transparent-header-meta":"disabled","adv-header-id-meta":"","stick-header-meta":"","header-above-stick-meta":"","header-main-stick-meta":"","header-below-stick-meta":"","astra-migrate-meta-layouts":"set","ast-page-background-enabled":"default","ast-page-background-meta":{"desktop":{"background-color":"var(--ast-global-color-4)","background-image":"","background-repeat":"repeat","background-position":"center center","background-size":"auto","background-attachment":"scroll","background-type":"","background-media":"","overlay-type":"","overlay-color":"","overlay-opacity":"","overlay-gradient":""},"tablet":{"background-color":"","background-image":"","background-repeat":"repeat","background-position":"center center","background-size":"auto","background-attachment":"scroll","background-type":"","background-media":"","overlay-type":"","overlay-color":"","overlay-opacity":"","overlay-gradient":""},"mobile":{"background-color":"","background-image":"","background-repeat":"repeat","background-position":"center center","background-size":"auto","background-attachment":"scroll","background-type":"","background-media":"","overlay-type":"","overlay-color":"","overlay-opacity":"","overlay-gradient":""}},"ast-content-background-meta":{"desktop":{"background-color":"var(--ast-global-color-5)","background-image":"","background-repeat":"repeat","background-position":"center center","background-size":"auto","background-attachment":"scroll","background-type":"","background-media":"","overlay-type":"","overlay-color":"","overlay-opacity":"","overlay-gradient":""},"tablet":{"background-color":"var(--ast-global-color-5)","background-image":"","background-repeat":"repeat","background-position":"center center","background-size":"auto","background-attachment":"scroll","background-type":"","background-media":"","overlay-type":"","overlay-color":"","overlay-opacity":"","overlay-gradient":""},"mobile":{"background-color":"var(--ast-global-color-5)","background-image":"","background-repeat":"repeat","background-position":"center center","background-size":"auto","background-attachment":"scroll","background-type":"","background-media":"","overlay-type":"","overlay-color":"","overlay-opacity":"","overlay-gradient":""}},"footnotes":""},"class_list":["post-1322","page","type-page","status-publish","hentry"],"uagb_featured_image_src":{"full":false,"thumbnail":false,"medium":false,"medium_large":false,"large":false,"1536x1536":false,"2048x2048":false},"uagb_author_info":{"display_name":"PsLRa","author_link":"https:\/\/redandino.org\/?author=1"},"uagb_comment_info":0,"uagb_excerpt":"Ser una red pionera y referente internacional en dise\u00f1o regenerativo. Si aplicamos las \u00e9ticas y principios de la Permacultura, podemos construir sociedades prosperas y abundantes en consonancia con los limites naturales. Sobre nosotros Somos un tejido vibrante de personas conectadas por un prop\u00f3sito com\u00fan: \u201cla regeneraci\u00f3n de nuestros territorios y comunidades\u00bb L\u00edneas de acci\u00f3n Permacultura&hellip;","_links":{"self":[{"href":"https:\/\/redandino.org\/index.php?rest_route=\/wp\/v2\/pages\/1322","targetHints":{"allow":["GET"]}}],"collection":[{"href":"https:\/\/redandino.org\/index.php?rest_route=\/wp\/v2\/pages"}],"about":[{"href":"https:\/\/redandino.org\/index.php?rest_route=\/wp\/v2\/types\/page"}],"author":[{"embeddable":true,"href":"https:\/\/redandino.org\/index.php?rest_route=\/wp\/v2\/users\/1"}],"replies":[{"embeddable":true,"href":"https:\/\/redandino.org\/index.php?rest_route=%2Fwp%2Fv2%2Fcomments&post=1322"}],"version-history":[{"count":29,"href":"https:\/\/redandino.org\/index.php?rest_route=\/wp\/v2\/pages\/1322\/revisions"}],"predecessor-version":[{"id":3158,"href":"https:\/\/redandino.org\/index.php?rest_route=\/wp\/v2\/pages\/1322\/revisions\/3158"}],"wp:attachment":[{"href":"https:\/\/redandino.org\/index.php?rest_route=%2Fwp%2Fv2%2Fmedia&parent=1322"}],"curies":[{"name":"wp","href":"https:\/\/api.w.org\/{rel}","templated":true}]}}